{"id":99657,"date":"2025-09-09T19:09:52","date_gmt":"2025-09-09T17:09:52","guid":{"rendered":"https:\/\/www.abcpascal.fr\/produit\/1950%e2%80%b2-bronze-pedestal-table-neoclassical-style-diameter-46-5-cm-h-60-cm\/"},"modified":"2025-09-09T19:09:52","modified_gmt":"2025-09-09T17:09:52","slug":"1950%e2%80%b2-bronze-pedestal-table-neoclassical-style-diameter-46-5-cm-h-60-cm","status":"publish","type":"product","link":"https:\/\/www.abcpascal.fr\/en\/produit\/1950%e2%80%b2-bronze-pedestal-table-neoclassical-style-diameter-46-5-cm-h-60-cm\/","title":{"rendered":"1950\u2032 Bronze Pedestal Table Neoclassical Style Diameter 46.5 cm H 60 cm"},"content":{"rendered":"<p>Gu\u00e9ridon tripode non sign\u00e9 en bronze patin\u00e9 pieds se terminant par des pieds de biche, plateau avec galerie ajour\u00e9e orn\u00e9 d&#8217; un miroir oxyd\u00e9 vieilli<br \/>\nLes 3 montants sont r\u00e9unis par un noeud en bronze.<br \/>\nTravail style Neoclassique dans le gout de Maison Jansen<br \/>\n\u00c9tat d\u2019usage<br \/>\nCirca 1950<br \/>\nDiam\u00e8tre plateau: 46,5 cm<br \/>\nHauteur au plateau : 60 cm<\/p>\n","protected":false},"excerpt":{"rendered":"<p>1950\u2032 Bronze Pedestal Table Neoclassical Style Diameter 46.5 cm H 60 cm<\/p>\n","protected":false},"featured_media":99628,"template":"","meta":{"_et_pb_use_builder":"","_et_pb_old_content":"","_et_gb_content_width":""},"product_brand":[],"product_cat":[123,118],"product_tag":[],"class_list":{"0":"post-99657","1":"product","2":"type-product","3":"status-publish","4":"has-post-thumbnail","6":"product_cat-furniture","7":"product_cat-tables-en","9":"first","10":"instock","11":"shipping-taxable","12":"purchasable","13":"product-type-simple"},"_links":{"self":[{"href":"https:\/\/www.abcpascal.fr\/en\/wp-json\/wp\/v2\/product\/99657","targetHints":{"allow":["GET"]}}],"collection":[{"href":"https:\/\/www.abcpascal.fr\/en\/wp-json\/wp\/v2\/product"}],"about":[{"href":"https:\/\/www.abcpascal.fr\/en\/wp-json\/wp\/v2\/types\/product"}],"wp:featuredmedia":[{"embeddable":true,"href":"https:\/\/www.abcpascal.fr\/en\/wp-json\/wp\/v2\/media\/99628"}],"wp:attachment":[{"href":"https:\/\/www.abcpascal.fr\/en\/wp-json\/wp\/v2\/media?parent=99657"}],"wp:term":[{"taxonomy":"product_brand","embeddable":true,"href":"https:\/\/www.abcpascal.fr\/en\/wp-json\/wp\/v2\/product_brand?post=99657"},{"taxonomy":"product_cat","embeddable":true,"href":"https:\/\/www.abcpascal.fr\/en\/wp-json\/wp\/v2\/product_cat?post=99657"},{"taxonomy":"product_tag","embeddable":true,"href":"https:\/\/www.abcpascal.fr\/en\/wp-json\/wp\/v2\/product_tag?post=99657"}],"curies":[{"name":"wp","href":"https:\/\/api.w.org\/{rel}","templated":true}]}}