{"id":99279,"date":"2025-07-28T12:34:14","date_gmt":"2025-07-28T10:34:14","guid":{"rendered":"https:\/\/www.abcpascal.fr\/produit\/1950%e2%80%b2-tripod-pedestal-table-silver-bronze-maison-jansen-or-bagues-o-57-cm-h-41-cm\/"},"modified":"2025-07-28T12:34:14","modified_gmt":"2025-07-28T10:34:14","slug":"1950%e2%80%b2-tripod-pedestal-table-silver-bronze-maison-jansen-or-bagues-o-57-cm-h-41-cm","status":"publish","type":"product","link":"https:\/\/www.abcpascal.fr\/en\/produit\/1950%e2%80%b2-tripod-pedestal-table-silver-bronze-maison-jansen-or-bagues-o-57-cm-h-41-cm\/","title":{"rendered":"1950\u2032 Tripod Pedestal Table Silver Bronze Maison Jansen or Bagu\u00e9s \u00f8 57 cm H 41 cm"},"content":{"rendered":"<p>Silver-plated bronze tripod pedestal table, Maison Jansen or Bagu\u00e9s<br \/>\nThe uprights are joined in the middle by a screwed ring<br \/>\nThe ends taper to a ball.<br \/>\nTop diameter with handle: 57 cm<br \/>\nDiameter without handle: 49 cm<br \/>\nHeight to handle: 41 cm<br \/>\nHeight to top: 38 cm<br \/>\nThere is a hallmark of the title and the silversmith&#8217;s mark<br \/>\nUsed condition<\/p>\n","protected":false},"excerpt":{"rendered":"<p>1950\u2032 Tripod Pedestal Table Silver Bronze Maison Jansen or Bagu\u00e9s \u00f8 57 cm H 41 cm<\/p>\n","protected":false},"featured_media":99278,"template":"","meta":{"_et_pb_use_builder":"","_et_pb_old_content":"","_et_gb_content_width":""},"product_brand":[],"product_cat":[123,118,132],"product_tag":[],"class_list":{"0":"post-99279","1":"product","2":"type-product","3":"status-publish","4":"has-post-thumbnail","6":"product_cat-furniture","7":"product_cat-tables-en","8":"product_cat-tablewear-en","10":"first","11":"instock","12":"shipping-taxable","13":"purchasable","14":"product-type-simple"},"_links":{"self":[{"href":"https:\/\/www.abcpascal.fr\/en\/wp-json\/wp\/v2\/product\/99279","targetHints":{"allow":["GET"]}}],"collection":[{"href":"https:\/\/www.abcpascal.fr\/en\/wp-json\/wp\/v2\/product"}],"about":[{"href":"https:\/\/www.abcpascal.fr\/en\/wp-json\/wp\/v2\/types\/product"}],"wp:featuredmedia":[{"embeddable":true,"href":"https:\/\/www.abcpascal.fr\/en\/wp-json\/wp\/v2\/media\/99278"}],"wp:attachment":[{"href":"https:\/\/www.abcpascal.fr\/en\/wp-json\/wp\/v2\/media?parent=99279"}],"wp:term":[{"taxonomy":"product_brand","embeddable":true,"href":"https:\/\/www.abcpascal.fr\/en\/wp-json\/wp\/v2\/product_brand?post=99279"},{"taxonomy":"product_cat","embeddable":true,"href":"https:\/\/www.abcpascal.fr\/en\/wp-json\/wp\/v2\/product_cat?post=99279"},{"taxonomy":"product_tag","embeddable":true,"href":"https:\/\/www.abcpascal.fr\/en\/wp-json\/wp\/v2\/product_tag?post=99279"}],"curies":[{"name":"wp","href":"https:\/\/api.w.org\/{rel}","templated":true}]}}