{"id":98023,"date":"2025-04-27T07:40:58","date_gmt":"2025-04-27T05:40:58","guid":{"rendered":"https:\/\/www.abcpascal.fr\/produit\/1970%e2%80%b2-pair-of-maison-bagues-bamboo-decor-gueridon-tables-in-bronze-with-glass-top-o-60-h-45-cm\/"},"modified":"2025-06-25T11:35:40","modified_gmt":"2025-06-25T09:35:40","slug":"1970%e2%80%b2-pair-of-maison-bagues-bamboo-decor-gueridon-tables-in-bronze-with-glass-top-o-60-h-45-cm","status":"publish","type":"product","link":"https:\/\/www.abcpascal.fr\/en\/produit\/1970%e2%80%b2-pair-of-maison-bagues-bamboo-decor-gueridon-tables-in-bronze-with-glass-top-o-60-h-45-cm\/","title":{"rendered":"1970\u2032 Pair of Maison Bagu\u00e8s Bamboo Decor Gu\u00e9ridon Tables in Bronze with Glass Top \u00d8 60 H 45 cm (Hold)"},"content":{"rendered":"<p>Pair of Maison Bagu\u00e8s pedestal tables with bamboo decor, featuring bronze tripod legs and glass tops secured with screw-on cabochons. Circa 1970. Good condition.<br \/>\nHeight: 45 cm<br \/>\nDiameter: 60 cm<br \/>\nThese tables come with new tops.<\/p>\n","protected":false},"excerpt":{"rendered":"<p>1970\u2032 Pair of Maison Bagu\u00e8s Bamboo Decor Gu\u00e9ridon Tables in Bronze with Glass Top \u00d8 60 H 45 cm (Hold)<\/p>\n","protected":false},"featured_media":97984,"template":"","meta":{"_et_pb_use_builder":"","_et_pb_old_content":"","_et_gb_content_width":""},"product_brand":[],"product_cat":[123,118],"product_tag":[],"class_list":{"0":"post-98023","1":"product","2":"type-product","3":"status-publish","4":"has-post-thumbnail","6":"product_cat-furniture","7":"product_cat-tables-en","9":"first","10":"outofstock","11":"shipping-taxable","12":"purchasable","13":"product-type-simple"},"_links":{"self":[{"href":"https:\/\/www.abcpascal.fr\/en\/wp-json\/wp\/v2\/product\/98023","targetHints":{"allow":["GET"]}}],"collection":[{"href":"https:\/\/www.abcpascal.fr\/en\/wp-json\/wp\/v2\/product"}],"about":[{"href":"https:\/\/www.abcpascal.fr\/en\/wp-json\/wp\/v2\/types\/product"}],"wp:featuredmedia":[{"embeddable":true,"href":"https:\/\/www.abcpascal.fr\/en\/wp-json\/wp\/v2\/media\/97984"}],"wp:attachment":[{"href":"https:\/\/www.abcpascal.fr\/en\/wp-json\/wp\/v2\/media?parent=98023"}],"wp:term":[{"taxonomy":"product_brand","embeddable":true,"href":"https:\/\/www.abcpascal.fr\/en\/wp-json\/wp\/v2\/product_brand?post=98023"},{"taxonomy":"product_cat","embeddable":true,"href":"https:\/\/www.abcpascal.fr\/en\/wp-json\/wp\/v2\/product_cat?post=98023"},{"taxonomy":"product_tag","embeddable":true,"href":"https:\/\/www.abcpascal.fr\/en\/wp-json\/wp\/v2\/product_tag?post=98023"}],"curies":[{"name":"wp","href":"https:\/\/api.w.org\/{rel}","templated":true}]}}