{"id":97956,"date":"2025-04-22T08:03:49","date_gmt":"2025-04-22T06:03:49","guid":{"rendered":"https:\/\/www.abcpascal.fr\/produit\/1950-70%e2%80%b2-round-bronze-coffee-table-bamboo-decor-red-chinese-lacquer-top-maison-bagues-style-o-40-h-461950-70%e2%80%b2-round-bronze-coffee-table-bamboo-decor-red-chinese-lacquer-top-maison-ba\/"},"modified":"2025-04-22T08:03:49","modified_gmt":"2025-04-22T06:03:49","slug":"1950-70%e2%80%b2-round-bronze-coffee-table-bamboo-decor-red-chinese-lacquer-top-maison-bagues-style-o-40-h-461950-70%e2%80%b2-round-bronze-coffee-table-bamboo-decor-red-chinese-lacquer-top-maison-ba","status":"publish","type":"product","link":"https:\/\/www.abcpascal.fr\/en\/produit\/1950-70%e2%80%b2-round-bronze-coffee-table-bamboo-decor-red-chinese-lacquer-top-maison-bagues-style-o-40-h-461950-70%e2%80%b2-round-bronze-coffee-table-bamboo-decor-red-chinese-lacquer-top-maison-ba\/","title":{"rendered":"1950\/70\u2032 Round Bronze Coffee Table Bamboo D\u00e9cor, Red Chinese Lacquer Top Maison Bagu\u00e8s Style \u00d8 40 H 461950\/70\u2032 Round Bronze Coffee Table Bamboo D\u00e9cor, Red Chinese Lacquer Top Maison Bagu\u00e8s Style \u00d8 40 H 46"},"content":{"rendered":"<p>Gilded bronze coffee table with bamboo decor uprights the top surrounded by an openwork gallery is decorated with flowers and a parakeet, Chinese lacquer Circa 1950\/70<br \/>\nSpacer formed by 4 loops , cambered legs.<br \/>\nDiameter: 40 cm<br \/>\nHeight: 46 cm<\/p>\n","protected":false},"excerpt":{"rendered":"<p>1950\/70\u2032 Round Bronze Coffee Table Bamboo D\u00e9cor, Red Chinese Lacquer Top Maison Bagu\u00e8s Style \u00d8 40 H 46<\/p>\n","protected":false},"featured_media":97933,"template":"","meta":{"_et_pb_use_builder":"","_et_pb_old_content":"","_et_gb_content_width":""},"product_brand":[],"product_cat":[140,123,118],"product_tag":[],"class_list":{"0":"post-97956","1":"product","2":"type-product","3":"status-publish","4":"has-post-thumbnail","6":"product_cat-end-tables","7":"product_cat-furniture","8":"product_cat-tables-en","10":"first","11":"instock","12":"shipping-taxable","13":"purchasable","14":"product-type-simple"},"_links":{"self":[{"href":"https:\/\/www.abcpascal.fr\/en\/wp-json\/wp\/v2\/product\/97956","targetHints":{"allow":["GET"]}}],"collection":[{"href":"https:\/\/www.abcpascal.fr\/en\/wp-json\/wp\/v2\/product"}],"about":[{"href":"https:\/\/www.abcpascal.fr\/en\/wp-json\/wp\/v2\/types\/product"}],"wp:featuredmedia":[{"embeddable":true,"href":"https:\/\/www.abcpascal.fr\/en\/wp-json\/wp\/v2\/media\/97933"}],"wp:attachment":[{"href":"https:\/\/www.abcpascal.fr\/en\/wp-json\/wp\/v2\/media?parent=97956"}],"wp:term":[{"taxonomy":"product_brand","embeddable":true,"href":"https:\/\/www.abcpascal.fr\/en\/wp-json\/wp\/v2\/product_brand?post=97956"},{"taxonomy":"product_cat","embeddable":true,"href":"https:\/\/www.abcpascal.fr\/en\/wp-json\/wp\/v2\/product_cat?post=97956"},{"taxonomy":"product_tag","embeddable":true,"href":"https:\/\/www.abcpascal.fr\/en\/wp-json\/wp\/v2\/product_tag?post=97956"}],"curies":[{"name":"wp","href":"https:\/\/api.w.org\/{rel}","templated":true}]}}