{"id":97054,"date":"2025-01-10T21:07:50","date_gmt":"2025-01-10T20:07:50","guid":{"rendered":"https:\/\/www.abcpascal.fr\/produit\/1970%e2%80%b2-bout-de-canape-rectangulaire-maison-bagues-laiton-et-bronze-plateaux-feuilles-d-or-fixees-sous-verre-60-x-30-cm\/"},"modified":"2025-01-10T21:07:50","modified_gmt":"2025-01-10T20:07:50","slug":"1970%e2%80%b2-bout-de-canape-rectangulaire-maison-bagues-laiton-et-bronze-plateaux-feuilles-d-or-fixees-sous-verre-60-x-30-cm","status":"publish","type":"product","link":"https:\/\/www.abcpascal.fr\/en\/produit\/1970%e2%80%b2-bout-de-canape-rectangulaire-maison-bagues-laiton-et-bronze-plateaux-feuilles-d-or-fixees-sous-verre-60-x-30-cm\/","title":{"rendered":"1970\u2032 Bout De Canap\u00e9 Rectangulaire Maison Bagu\u00e9s Laiton et Bronze Plateaux Feuilles d or Fix\u00e9es Sous Verre  60 X 30 cm"},"content":{"rendered":"<p>Side table in bronze and brass with gold leaf tops fixed under glass, Maison Bagu\u00e9s,<br \/>\ncirca 1970, Good condition<\/p>\n<p>Length: 60 cm<br \/>\nWidth: 30 cm<br \/>\nHeight: 65 cm<br \/>\nDepth: 30 cm<\/p>\n","protected":false},"excerpt":{"rendered":"<p>1970\u2032 Bout De Canap\u00e9 Rectangulaire Maison Bagu\u00e9s Laiton et Bronze Plateaux Feuilles d or Fix\u00e9es Sous Verre  60 X 30 cm<\/p>\n","protected":false},"featured_media":97035,"template":"","meta":{"_et_pb_use_builder":"","_et_pb_old_content":"","_et_gb_content_width":""},"product_brand":[],"product_cat":[140,123],"product_tag":[],"class_list":{"0":"post-97054","1":"product","2":"type-product","3":"status-publish","4":"has-post-thumbnail","6":"product_cat-end-tables","7":"product_cat-furniture","9":"first","10":"outofstock","11":"shipping-taxable","12":"purchasable","13":"product-type-simple"},"_links":{"self":[{"href":"https:\/\/www.abcpascal.fr\/en\/wp-json\/wp\/v2\/product\/97054","targetHints":{"allow":["GET"]}}],"collection":[{"href":"https:\/\/www.abcpascal.fr\/en\/wp-json\/wp\/v2\/product"}],"about":[{"href":"https:\/\/www.abcpascal.fr\/en\/wp-json\/wp\/v2\/types\/product"}],"wp:featuredmedia":[{"embeddable":true,"href":"https:\/\/www.abcpascal.fr\/en\/wp-json\/wp\/v2\/media\/97035"}],"wp:attachment":[{"href":"https:\/\/www.abcpascal.fr\/en\/wp-json\/wp\/v2\/media?parent=97054"}],"wp:term":[{"taxonomy":"product_brand","embeddable":true,"href":"https:\/\/www.abcpascal.fr\/en\/wp-json\/wp\/v2\/product_brand?post=97054"},{"taxonomy":"product_cat","embeddable":true,"href":"https:\/\/www.abcpascal.fr\/en\/wp-json\/wp\/v2\/product_cat?post=97054"},{"taxonomy":"product_tag","embeddable":true,"href":"https:\/\/www.abcpascal.fr\/en\/wp-json\/wp\/v2\/product_tag?post=97054"}],"curies":[{"name":"wp","href":"https:\/\/api.w.org\/{rel}","templated":true}]}}