{"id":93777,"date":"2024-03-28T15:25:22","date_gmt":"2024-03-28T14:25:22","guid":{"rendered":"https:\/\/www.abcpascal.fr\/produit\/1970%e2%80%b2-bronze-end-of-sofa-maison-bagues-style-40-x-32-cm\/"},"modified":"2024-03-28T15:25:22","modified_gmt":"2024-03-28T14:25:22","slug":"1970%e2%80%b2-bronze-end-of-sofa-maison-bagues-style-40-x-32-cm","status":"publish","type":"product","link":"https:\/\/www.abcpascal.fr\/en\/produit\/1970%e2%80%b2-bronze-end-of-sofa-maison-bagues-style-40-x-32-cm\/","title":{"rendered":"1970\u2032 Bronze End of Sofa, Maison Bagu\u00e8s Style 40 x 32 cm"},"content":{"rendered":"<p>Bout de Canap\u00e9 en bronze dor\u00e9 d\u00e9cor style Louis XVI, les plateaux sont en verre fum\u00e9 \u00e9pais, les montants cannel\u00e9s se terminent par des toupies, Bon \u00e9tat, Circa 1950\/70<br \/>\nTout est viss\u00e9 facile \u00e0 envoyer tout se d\u00e9monte!<br \/>\nLongueur : 40 cm<br \/>\nLargeur : 32 cm<br \/>\nHauteur : 52 cm<\/p>\n","protected":false},"excerpt":{"rendered":"<p>1970\u2032 Bronze End of Sofa, Maison Bagu\u00e8s Style 40 x 32 cm<\/p>\n","protected":false},"featured_media":93776,"template":"","meta":{"_et_pb_use_builder":"","_et_pb_old_content":"","_et_gb_content_width":""},"product_brand":[],"product_cat":[140,123],"product_tag":[],"class_list":{"0":"post-93777","1":"product","2":"type-product","3":"status-publish","4":"has-post-thumbnail","6":"product_cat-end-tables","7":"product_cat-furniture","9":"first","10":"instock","11":"shipping-taxable","12":"purchasable","13":"product-type-simple"},"_links":{"self":[{"href":"https:\/\/www.abcpascal.fr\/en\/wp-json\/wp\/v2\/product\/93777","targetHints":{"allow":["GET"]}}],"collection":[{"href":"https:\/\/www.abcpascal.fr\/en\/wp-json\/wp\/v2\/product"}],"about":[{"href":"https:\/\/www.abcpascal.fr\/en\/wp-json\/wp\/v2\/types\/product"}],"wp:featuredmedia":[{"embeddable":true,"href":"https:\/\/www.abcpascal.fr\/en\/wp-json\/wp\/v2\/media\/93776"}],"wp:attachment":[{"href":"https:\/\/www.abcpascal.fr\/en\/wp-json\/wp\/v2\/media?parent=93777"}],"wp:term":[{"taxonomy":"product_brand","embeddable":true,"href":"https:\/\/www.abcpascal.fr\/en\/wp-json\/wp\/v2\/product_brand?post=93777"},{"taxonomy":"product_cat","embeddable":true,"href":"https:\/\/www.abcpascal.fr\/en\/wp-json\/wp\/v2\/product_cat?post=93777"},{"taxonomy":"product_tag","embeddable":true,"href":"https:\/\/www.abcpascal.fr\/en\/wp-json\/wp\/v2\/product_tag?post=93777"}],"curies":[{"name":"wp","href":"https:\/\/api.w.org\/{rel}","templated":true}]}}