{"id":91965,"date":"2023-10-02T09:56:53","date_gmt":"2023-10-02T07:56:53","guid":{"rendered":"https:\/\/www.abcpascal.fr\/produit\/1970%e2%80%b2-water-lily-lamp-in-gilt-bronze-and-agate-dlg-duval-brasseur-or-isabelle-faure\/"},"modified":"2023-10-02T10:03:40","modified_gmt":"2023-10-02T08:03:40","slug":"1970%e2%80%b2-water-lily-lamp-in-gilt-bronze-and-agate-dlg-duval-brasseur-or-isabelle-faure","status":"publish","type":"product","link":"https:\/\/www.abcpascal.fr\/en\/produit\/1970%e2%80%b2-water-lily-lamp-in-gilt-bronze-and-agate-dlg-duval-brasseur-or-isabelle-faure\/","title":{"rendered":"1970\u2032 Water Lily Lamp In Gilt Bronze And Agate DLG Duval Brasseur Or Isabelle Faure"},"content":{"rendered":"<p>Lampe d\u00e9cor de nenuphars en bronze et laiton dor\u00e9 et agate DLG Duval Brasseur ou Isabelle Faure ou Fern\u00e1ndez pour Honor\u00e9 de Paris<br \/>\nSur le socle, une agate bleue \u00e9clair\u00e9e ampoule E14<br \/>\nBon \u00e9tat, 2 ampoules, Circa 1970<br \/>\nBase: 24 18 cm<br \/>\nLongueur : 36 cm<br \/>\nLargeur : 36 cm<br \/>\nHauteur a la douille : 50 cm<\/p>\n","protected":false},"excerpt":{"rendered":"<p>1970\u2032 Water Lily Lamp In Gilt Bronze And Agate DLG Duval Brasseur Or Isabelle Faure<\/p>\n","protected":false},"featured_media":91952,"template":"","meta":{"_et_pb_use_builder":"","_et_pb_old_content":"","_et_gb_content_width":""},"product_brand":[],"product_cat":[115,120],"product_tag":[],"class_list":{"0":"post-91965","1":"product","2":"type-product","3":"status-publish","4":"has-post-thumbnail","6":"product_cat-lamps","7":"product_cat-lighting","9":"first","10":"instock","11":"shipping-taxable","12":"purchasable","13":"product-type-simple"},"_links":{"self":[{"href":"https:\/\/www.abcpascal.fr\/en\/wp-json\/wp\/v2\/product\/91965","targetHints":{"allow":["GET"]}}],"collection":[{"href":"https:\/\/www.abcpascal.fr\/en\/wp-json\/wp\/v2\/product"}],"about":[{"href":"https:\/\/www.abcpascal.fr\/en\/wp-json\/wp\/v2\/types\/product"}],"wp:featuredmedia":[{"embeddable":true,"href":"https:\/\/www.abcpascal.fr\/en\/wp-json\/wp\/v2\/media\/91952"}],"wp:attachment":[{"href":"https:\/\/www.abcpascal.fr\/en\/wp-json\/wp\/v2\/media?parent=91965"}],"wp:term":[{"taxonomy":"product_brand","embeddable":true,"href":"https:\/\/www.abcpascal.fr\/en\/wp-json\/wp\/v2\/product_brand?post=91965"},{"taxonomy":"product_cat","embeddable":true,"href":"https:\/\/www.abcpascal.fr\/en\/wp-json\/wp\/v2\/product_cat?post=91965"},{"taxonomy":"product_tag","embeddable":true,"href":"https:\/\/www.abcpascal.fr\/en\/wp-json\/wp\/v2\/product_tag?post=91965"}],"curies":[{"name":"wp","href":"https:\/\/api.w.org\/{rel}","templated":true}]}}