{"id":90606,"date":"2023-06-29T20:07:57","date_gmt":"2023-06-29T18:07:57","guid":{"rendered":"https:\/\/www.abcpascal.fr\/produit\/1970-wall-lamp-a-la-cigale-in-gilt-bronze-and-agates-style-duval-brasseur-or-isabelle-faure-35-x-50-cm\/"},"modified":"2023-06-29T20:18:47","modified_gmt":"2023-06-29T18:18:47","slug":"1970-wall-lamp-a-la-cigale-in-gilt-bronze-and-agates-style-duval-brasseur-or-isabelle-faure-35-x-50-cm","status":"publish","type":"product","link":"https:\/\/www.abcpascal.fr\/en\/produit\/1970-wall-lamp-a-la-cigale-in-gilt-bronze-and-agates-style-duval-brasseur-or-isabelle-faure-35-x-50-cm\/","title":{"rendered":"1970&#8242; Wall Lamp A la Cigale in Gilt Bronze and Agates Style Duval Brasseur Or Isabelle Faure 35 X 50 cm"},"content":{"rendered":"<p>Applique \u00e9clairante en bronze et laiton dor\u00e9 et agates dans le style de Duval Brasseur ou Fernandez pour Honor\u00e9 Ou Isabelle Faure<br \/>\nBon \u00e9tat,une ampoule circa 1970<br \/>\nLargeur : 35 cm<br \/>\nHauteur : 50 cm<br \/>\nProfondeur : 18 cm<\/p>\n","protected":false},"excerpt":{"rendered":"<p>1970&#8242; Wall Lamp A la Cigale in Gilt Bronze and Agates Style Duval Brasseur Or Isabelle Faure 35 X 50 cm<\/p>\n","protected":false},"featured_media":90593,"template":"","meta":{"_et_pb_use_builder":"","_et_pb_old_content":"","_et_gb_content_width":""},"product_brand":[],"product_cat":[113,120],"product_tag":[],"class_list":{"0":"post-90606","1":"product","2":"type-product","3":"status-publish","4":"has-post-thumbnail","6":"product_cat-bracket-lamps","7":"product_cat-lighting","9":"first","10":"outofstock","11":"shipping-taxable","12":"purchasable","13":"product-type-simple"},"_links":{"self":[{"href":"https:\/\/www.abcpascal.fr\/en\/wp-json\/wp\/v2\/product\/90606","targetHints":{"allow":["GET"]}}],"collection":[{"href":"https:\/\/www.abcpascal.fr\/en\/wp-json\/wp\/v2\/product"}],"about":[{"href":"https:\/\/www.abcpascal.fr\/en\/wp-json\/wp\/v2\/types\/product"}],"wp:featuredmedia":[{"embeddable":true,"href":"https:\/\/www.abcpascal.fr\/en\/wp-json\/wp\/v2\/media\/90593"}],"wp:attachment":[{"href":"https:\/\/www.abcpascal.fr\/en\/wp-json\/wp\/v2\/media?parent=90606"}],"wp:term":[{"taxonomy":"product_brand","embeddable":true,"href":"https:\/\/www.abcpascal.fr\/en\/wp-json\/wp\/v2\/product_brand?post=90606"},{"taxonomy":"product_cat","embeddable":true,"href":"https:\/\/www.abcpascal.fr\/en\/wp-json\/wp\/v2\/product_cat?post=90606"},{"taxonomy":"product_tag","embeddable":true,"href":"https:\/\/www.abcpascal.fr\/en\/wp-json\/wp\/v2\/product_tag?post=90606"}],"curies":[{"name":"wp","href":"https:\/\/api.w.org\/{rel}","templated":true}]}}