{"id":90410,"date":"2023-06-21T23:44:36","date_gmt":"2023-06-21T21:44:36","guid":{"rendered":"https:\/\/www.abcpascal.fr\/produit\/1970-pair-of-side-tables-in-bronze-maison-bagues-50-5-x-25-5-x-h-48-cm\/"},"modified":"2023-06-21T23:44:36","modified_gmt":"2023-06-21T21:44:36","slug":"1970-pair-of-side-tables-in-bronze-maison-bagues-50-5-x-25-5-x-h-48-cm","status":"publish","type":"product","link":"https:\/\/www.abcpascal.fr\/en\/produit\/1970-pair-of-side-tables-in-bronze-maison-bagues-50-5-x-25-5-x-h-48-cm\/","title":{"rendered":"1970&#8242; Pair of Side Tables in Bronze, Maison Bagu\u00e8s 50.5 X 25.5 X H 48 cm"},"content":{"rendered":"<p>Tables avec montants en bronze cannel\u00e9s, 2 plateaux en verre, bon \u00e9tat, Circa 1950\/70<br \/>\nLongueur : 50,5 cm<br \/>\nLargeur : 25,5 cm<br \/>\nHauteur : 48 cm<\/p>\n","protected":false},"excerpt":{"rendered":"<p>1970&#8242; Pair of Side Tables in Bronze, Maison Bagu\u00e8s 50.5 X 25.5 X H 48 cm<\/p>\n","protected":false},"featured_media":90389,"template":"","meta":{"_et_pb_use_builder":"","_et_pb_old_content":"","_et_gb_content_width":""},"product_brand":[],"product_cat":[140,123],"product_tag":[],"class_list":{"0":"post-90410","1":"product","2":"type-product","3":"status-publish","4":"has-post-thumbnail","6":"product_cat-end-tables","7":"product_cat-furniture","9":"first","10":"outofstock","11":"shipping-taxable","12":"purchasable","13":"product-type-simple"},"_links":{"self":[{"href":"https:\/\/www.abcpascal.fr\/en\/wp-json\/wp\/v2\/product\/90410","targetHints":{"allow":["GET"]}}],"collection":[{"href":"https:\/\/www.abcpascal.fr\/en\/wp-json\/wp\/v2\/product"}],"about":[{"href":"https:\/\/www.abcpascal.fr\/en\/wp-json\/wp\/v2\/types\/product"}],"wp:featuredmedia":[{"embeddable":true,"href":"https:\/\/www.abcpascal.fr\/en\/wp-json\/wp\/v2\/media\/90389"}],"wp:attachment":[{"href":"https:\/\/www.abcpascal.fr\/en\/wp-json\/wp\/v2\/media?parent=90410"}],"wp:term":[{"taxonomy":"product_brand","embeddable":true,"href":"https:\/\/www.abcpascal.fr\/en\/wp-json\/wp\/v2\/product_brand?post=90410"},{"taxonomy":"product_cat","embeddable":true,"href":"https:\/\/www.abcpascal.fr\/en\/wp-json\/wp\/v2\/product_cat?post=90410"},{"taxonomy":"product_tag","embeddable":true,"href":"https:\/\/www.abcpascal.fr\/en\/wp-json\/wp\/v2\/product_tag?post=90410"}],"curies":[{"name":"wp","href":"https:\/\/api.w.org\/{rel}","templated":true}]}}