{"id":89248,"date":"2023-04-05T11:26:47","date_gmt":"2023-04-05T09:26:47","guid":{"rendered":"https:\/\/www.abcpascal.fr\/produit\/1950%e2%80%b2-crossbow-commode-1-drawer-golden-wood-and-metacrylate-eglomise-maison-bagues-48-x-41-x-h-58-cm\/"},"modified":"2023-04-05T11:26:47","modified_gmt":"2023-04-05T09:26:47","slug":"1950%e2%80%b2-crossbow-commode-1-drawer-golden-wood-and-metacrylate-eglomise-maison-bagues-48-x-41-x-h-58-cm","status":"publish","type":"product","link":"https:\/\/www.abcpascal.fr\/en\/produit\/1950%e2%80%b2-crossbow-commode-1-drawer-golden-wood-and-metacrylate-eglomise-maison-bagues-48-x-41-x-h-58-cm\/","title":{"rendered":"1950\u2032 Crossbow Commode 1 Drawer Golden Wood And Metacrylate Eglomise Maison Bagu\u00e9s 48 X 41 X H 58 cm"},"content":{"rendered":"<p>Chest of drawers in gilded wood curved on all sides sheathed in \u00e9glomis\u00e9 methacrylate<br \/>\n1 drawer<br \/>\nLength: 48cm<br \/>\nWidth: 41cm<br \/>\nHeight: 58cm<br \/>\ncondition of use<br \/>\nCirca 1950<\/p>\n","protected":false},"excerpt":{"rendered":"<p>1950\u2032 Crossbow Commode 1 Drawer Golden Wood And Metacrylate Eglomise Maison Bagu\u00e9s 48 X 41 X H 58 cm<\/p>\n","protected":false},"featured_media":89233,"template":"","meta":{"_et_pb_use_builder":"","_et_pb_old_content":"","_et_gb_content_width":""},"product_brand":[],"product_cat":[117,123,116],"product_tag":[],"class_list":{"0":"post-89248","1":"product","2":"type-product","3":"status-publish","4":"has-post-thumbnail","6":"product_cat-chest-of-drawers","7":"product_cat-furniture","8":"product_cat-gilt-wood","10":"first","11":"outofstock","12":"shipping-taxable","13":"purchasable","14":"product-type-simple"},"_links":{"self":[{"href":"https:\/\/www.abcpascal.fr\/en\/wp-json\/wp\/v2\/product\/89248","targetHints":{"allow":["GET"]}}],"collection":[{"href":"https:\/\/www.abcpascal.fr\/en\/wp-json\/wp\/v2\/product"}],"about":[{"href":"https:\/\/www.abcpascal.fr\/en\/wp-json\/wp\/v2\/types\/product"}],"wp:featuredmedia":[{"embeddable":true,"href":"https:\/\/www.abcpascal.fr\/en\/wp-json\/wp\/v2\/media\/89233"}],"wp:attachment":[{"href":"https:\/\/www.abcpascal.fr\/en\/wp-json\/wp\/v2\/media?parent=89248"}],"wp:term":[{"taxonomy":"product_brand","embeddable":true,"href":"https:\/\/www.abcpascal.fr\/en\/wp-json\/wp\/v2\/product_brand?post=89248"},{"taxonomy":"product_cat","embeddable":true,"href":"https:\/\/www.abcpascal.fr\/en\/wp-json\/wp\/v2\/product_cat?post=89248"},{"taxonomy":"product_tag","embeddable":true,"href":"https:\/\/www.abcpascal.fr\/en\/wp-json\/wp\/v2\/product_tag?post=89248"}],"curies":[{"name":"wp","href":"https:\/\/api.w.org\/{rel}","templated":true}]}}