{"id":87558,"date":"2022-12-02T20:56:06","date_gmt":"2022-12-02T19:56:06","guid":{"rendered":"https:\/\/www.abcpascal.fr\/produit\/1900-chandelier-cage-21-lights-marie-therese-in-bohemian-crystal-h-140-x-o-115-cm\/"},"modified":"2022-12-02T20:56:06","modified_gmt":"2022-12-02T19:56:06","slug":"1900-chandelier-cage-21-lights-marie-therese-in-bohemian-crystal-h-140-x-o-115-cm","status":"publish","type":"product","link":"https:\/\/www.abcpascal.fr\/en\/produit\/1900-chandelier-cage-21-lights-marie-therese-in-bohemian-crystal-h-140-x-o-115-cm\/","title":{"rendered":"1900&#8242; Chandelier Cage 21 Lights Marie Th\u00e9r\u00e8se in Bohemian Crystal H 140 X \u00d8 115 cm"},"content":{"rendered":"<p>Cage chandelier with 5 arms and 21 bulbs<br \/>\nused condition, will be re-electrified according to the destination to European standards, circa 1900<br \/>\nHeight: 140 cm<br \/>\nDiameter: 115 cm<\/p>\n","protected":false},"excerpt":{"rendered":"<p>1900&#8242; Chandelier Cage 21 Lights Marie Th\u00e9r\u00e8se in Bohemian Crystal H 140 X \u00d8 115 cm<\/p>\n","protected":false},"featured_media":87533,"template":"","meta":{"_et_pb_use_builder":"","_et_pb_old_content":"","_et_gb_content_width":""},"product_brand":[],"product_cat":[114,120],"product_tag":[],"class_list":{"0":"post-87558","1":"product","2":"type-product","3":"status-publish","4":"has-post-thumbnail","6":"product_cat-chandeliers","7":"product_cat-lighting","9":"first","10":"instock","11":"shipping-taxable","12":"purchasable","13":"product-type-simple"},"_links":{"self":[{"href":"https:\/\/www.abcpascal.fr\/en\/wp-json\/wp\/v2\/product\/87558","targetHints":{"allow":["GET"]}}],"collection":[{"href":"https:\/\/www.abcpascal.fr\/en\/wp-json\/wp\/v2\/product"}],"about":[{"href":"https:\/\/www.abcpascal.fr\/en\/wp-json\/wp\/v2\/types\/product"}],"wp:featuredmedia":[{"embeddable":true,"href":"https:\/\/www.abcpascal.fr\/en\/wp-json\/wp\/v2\/media\/87533"}],"wp:attachment":[{"href":"https:\/\/www.abcpascal.fr\/en\/wp-json\/wp\/v2\/media?parent=87558"}],"wp:term":[{"taxonomy":"product_brand","embeddable":true,"href":"https:\/\/www.abcpascal.fr\/en\/wp-json\/wp\/v2\/product_brand?post=87558"},{"taxonomy":"product_cat","embeddable":true,"href":"https:\/\/www.abcpascal.fr\/en\/wp-json\/wp\/v2\/product_cat?post=87558"},{"taxonomy":"product_tag","embeddable":true,"href":"https:\/\/www.abcpascal.fr\/en\/wp-json\/wp\/v2\/product_tag?post=87558"}],"curies":[{"name":"wp","href":"https:\/\/api.w.org\/{rel}","templated":true}]}}