{"id":86652,"date":"2022-10-27T15:13:22","date_gmt":"2022-10-27T13:13:22","guid":{"rendered":"https:\/\/www.abcpascal.fr\/produit\/1950-70%e2%80%b2-pair-of-end-tables-in-brass-at-2-levels-maison-bagues-trays-breche-escalette-33-x-33-xh-66-cm\/"},"modified":"2022-10-27T15:13:22","modified_gmt":"2022-10-27T13:13:22","slug":"1950-70%e2%80%b2-pair-of-end-tables-in-brass-at-2-levels-maison-bagues-trays-breche-escalette-33-x-33-xh-66-cm","status":"publish","type":"product","link":"https:\/\/www.abcpascal.fr\/en\/produit\/1950-70%e2%80%b2-pair-of-end-tables-in-brass-at-2-levels-maison-bagues-trays-breche-escalette-33-x-33-xh-66-cm\/","title":{"rendered":"1950\/70\u2032 Pair Of End Tables In Brass At 2 Levels Maison Bagu\u00e9s Trays Br\u00e8che Escalette 33 X 33 XH 66 cm"},"content":{"rendered":"<p>Pair of side tables in brass and bronze with 2 levels in Ari\u00e8ge marble called Escalette en Br\u00e9che<br \/>\nGood condition, Circa 1950\/70<br \/>\nLength: 33cm<br \/>\nWidth: 33cm<br \/>\nHeight: 66cm<\/p>\n","protected":false},"excerpt":{"rendered":"<p>1950\/70\u2032 Pair Of End Tables In Brass At 2 Levels Maison Bagu\u00e9s Trays Br\u00e8che Escalette 33 X 33 XH 66 cm<\/p>\n","protected":false},"featured_media":86654,"template":"","meta":{"_et_pb_use_builder":"","_et_pb_old_content":"","_et_gb_content_width":""},"product_brand":[],"product_cat":[140,123,118],"product_tag":[],"class_list":{"0":"post-86652","1":"product","2":"type-product","3":"status-publish","4":"has-post-thumbnail","6":"product_cat-end-tables","7":"product_cat-furniture","8":"product_cat-tables-en","10":"first","11":"outofstock","12":"shipping-taxable","13":"purchasable","14":"product-type-simple"},"_links":{"self":[{"href":"https:\/\/www.abcpascal.fr\/en\/wp-json\/wp\/v2\/product\/86652","targetHints":{"allow":["GET"]}}],"collection":[{"href":"https:\/\/www.abcpascal.fr\/en\/wp-json\/wp\/v2\/product"}],"about":[{"href":"https:\/\/www.abcpascal.fr\/en\/wp-json\/wp\/v2\/types\/product"}],"wp:featuredmedia":[{"embeddable":true,"href":"https:\/\/www.abcpascal.fr\/en\/wp-json\/wp\/v2\/media\/86654"}],"wp:attachment":[{"href":"https:\/\/www.abcpascal.fr\/en\/wp-json\/wp\/v2\/media?parent=86652"}],"wp:term":[{"taxonomy":"product_brand","embeddable":true,"href":"https:\/\/www.abcpascal.fr\/en\/wp-json\/wp\/v2\/product_brand?post=86652"},{"taxonomy":"product_cat","embeddable":true,"href":"https:\/\/www.abcpascal.fr\/en\/wp-json\/wp\/v2\/product_cat?post=86652"},{"taxonomy":"product_tag","embeddable":true,"href":"https:\/\/www.abcpascal.fr\/en\/wp-json\/wp\/v2\/product_tag?post=86652"}],"curies":[{"name":"wp","href":"https:\/\/api.w.org\/{rel}","templated":true}]}}