{"id":82156,"date":"2021-12-12T07:00:59","date_gmt":"2021-12-12T06:00:59","guid":{"rendered":"https:\/\/www.abcpascal.fr\/produit\/1950-70%e2%80%b2-gueridon-maison-bagues-decor-bambou-en-bronze-dore-avec-plateaux-laque-de-chine-vert-bleu-et-or-40-x-40-cm-h-59-cm\/"},"modified":"2021-12-12T16:28:27","modified_gmt":"2021-12-12T15:28:27","slug":"1950-70%e2%80%b2-gueridon-maison-bagues-decor-bambou-en-bronze-dore-avec-plateaux-laque-de-chine-vert-bleu-et-or-40-x-40-cm-h-59-cm","status":"publish","type":"product","link":"https:\/\/www.abcpascal.fr\/en\/produit\/1950-70%e2%80%b2-gueridon-maison-bagues-decor-bambou-en-bronze-dore-avec-plateaux-laque-de-chine-vert-bleu-et-or-40-x-40-cm-h-59-cm\/","title":{"rendered":"1950\/70 \u2032 Maison Bagu\u00e8s Pedestal Table Bamboo Decor in Gilt Bronze With Green \/ Blue And Gold Chinese Lacquer Trays 40 X 40 Cm H 59 Cm"},"content":{"rendered":"<p>Gilt bronze pedestal table, bamboo decor with polylobed wooden trays Green \/ Blue And Gold Chinese lacquer decorated with characters, the tray is signed, the uprights end in pine cone<br \/>\nCirca 1950\/70, Good condition<br \/>\nAll pieces are, removable, easy to send all over the world<br \/>\nLength: 40 cm<br \/>\nWidth: 40 cm<br \/>\nHeight: 59 \/ 55\/ 16 cm<\/p>\n","protected":false},"excerpt":{"rendered":"<p>1950\/70\u2032 Gu\u00e9ridon Maison Bagu\u00e8s D\u00e9cor Bambou en Bronze Dor\u00e9 Avec Plateaux Laque de Chine Vert\/Bleu Et Or 40 X 40 Cm H 59 Cm<\/p>\n","protected":false},"featured_media":82118,"template":"","meta":{"_et_pb_use_builder":"","_et_pb_old_content":"","_et_gb_content_width":""},"product_brand":[],"product_cat":[123,118],"product_tag":[],"class_list":{"0":"post-82156","1":"product","2":"type-product","3":"status-publish","4":"has-post-thumbnail","6":"product_cat-furniture","7":"product_cat-tables-en","9":"first","10":"outofstock","11":"shipping-taxable","12":"purchasable","13":"product-type-simple"},"_links":{"self":[{"href":"https:\/\/www.abcpascal.fr\/en\/wp-json\/wp\/v2\/product\/82156","targetHints":{"allow":["GET"]}}],"collection":[{"href":"https:\/\/www.abcpascal.fr\/en\/wp-json\/wp\/v2\/product"}],"about":[{"href":"https:\/\/www.abcpascal.fr\/en\/wp-json\/wp\/v2\/types\/product"}],"wp:featuredmedia":[{"embeddable":true,"href":"https:\/\/www.abcpascal.fr\/en\/wp-json\/wp\/v2\/media\/82118"}],"wp:attachment":[{"href":"https:\/\/www.abcpascal.fr\/en\/wp-json\/wp\/v2\/media?parent=82156"}],"wp:term":[{"taxonomy":"product_brand","embeddable":true,"href":"https:\/\/www.abcpascal.fr\/en\/wp-json\/wp\/v2\/product_brand?post=82156"},{"taxonomy":"product_cat","embeddable":true,"href":"https:\/\/www.abcpascal.fr\/en\/wp-json\/wp\/v2\/product_cat?post=82156"},{"taxonomy":"product_tag","embeddable":true,"href":"https:\/\/www.abcpascal.fr\/en\/wp-json\/wp\/v2\/product_tag?post=82156"}],"curies":[{"name":"wp","href":"https:\/\/api.w.org\/{rel}","templated":true}]}}