{"id":74499,"date":"2012-10-17T12:28:01","date_gmt":"2012-10-17T10:28:01","guid":{"rendered":"https:\/\/www.abcpascal.fr\/product\/eglomise-mirror-with-birds-lyre\/"},"modified":"2020-06-30T12:02:24","modified_gmt":"2020-06-30T10:02:24","slug":"eglomise-mirror-with-birds-lyre","status":"publish","type":"product","link":"https:\/\/www.abcpascal.fr\/en\/produit\/eglomise-mirror-with-birds-lyre\/","title":{"rendered":"\u00c9glomis\u00e9 mirror with birds lyre"},"content":{"rendered":"<p>Mirror \u00e9glomis\u00e9 decor 1950\/70 with birds Lyre, frame guilted wood baguette<br \/>\nGood conditions<\/p>\n<p>Width : 75 cm<br \/> Height : 100 cm<br \/> Profondeur : 5,5 cm<\/p>\n","protected":false},"excerpt":{"rendered":"<p>Mirror \u00e9glomis\u00e9 decor 1950\/70 with birds Lyre, frame guilted wood baguette Good conditions Width : 75 cm Height : 100 cm Profondeur : 5,5 cm<\/p>\n","protected":false},"featured_media":22440,"template":"","meta":{"_et_pb_use_builder":"","_et_pb_old_content":"","_et_gb_content_width":""},"product_brand":[],"product_cat":[112],"product_tag":[],"class_list":{"0":"post-74499","1":"product","2":"type-product","3":"status-publish","4":"has-post-thumbnail","6":"product_cat-mirrors","8":"first","9":"outofstock","10":"purchasable","11":"product-type-simple"},"_links":{"self":[{"href":"https:\/\/www.abcpascal.fr\/en\/wp-json\/wp\/v2\/product\/74499","targetHints":{"allow":["GET"]}}],"collection":[{"href":"https:\/\/www.abcpascal.fr\/en\/wp-json\/wp\/v2\/product"}],"about":[{"href":"https:\/\/www.abcpascal.fr\/en\/wp-json\/wp\/v2\/types\/product"}],"wp:featuredmedia":[{"embeddable":true,"href":"https:\/\/www.abcpascal.fr\/en\/wp-json\/wp\/v2\/media\/22440"}],"wp:attachment":[{"href":"https:\/\/www.abcpascal.fr\/en\/wp-json\/wp\/v2\/media?parent=74499"}],"wp:term":[{"taxonomy":"product_brand","embeddable":true,"href":"https:\/\/www.abcpascal.fr\/en\/wp-json\/wp\/v2\/product_brand?post=74499"},{"taxonomy":"product_cat","embeddable":true,"href":"https:\/\/www.abcpascal.fr\/en\/wp-json\/wp\/v2\/product_cat?post=74499"},{"taxonomy":"product_tag","embeddable":true,"href":"https:\/\/www.abcpascal.fr\/en\/wp-json\/wp\/v2\/product_tag?post=74499"}],"curies":[{"name":"wp","href":"https:\/\/api.w.org\/{rel}","templated":true}]}}