{"id":74494,"date":"2012-10-19T23:18:44","date_gmt":"2012-10-19T21:18:44","guid":{"rendered":"https:\/\/www.abcpascal.fr\/product\/romantic-eglomise-mirror\/"},"modified":"2020-06-30T12:02:22","modified_gmt":"2020-06-30T10:02:22","slug":"romantic-eglomise-mirror","status":"publish","type":"product","link":"https:\/\/www.abcpascal.fr\/en\/produit\/romantic-eglomise-mirror\/","title":{"rendered":"Romantic \u00e9glomis\u00e9 mirror"},"content":{"rendered":"<p>Mirror 1970 framed by gilded wood decors is \u00e9glomis\u00e9s<br \/>\nGood conditions<\/p>\n<p>Width : 52 cm<br \/> Height : 80 cm<br \/> Profondeur : 3 cm<\/p>\n","protected":false},"excerpt":{"rendered":"<p>Mirror 1970 framed by gilded wood decors is \u00e9glomis\u00e9s Good conditions Width : 52 cm Height : 80 cm Profondeur : 3 cm<\/p>\n","protected":false},"featured_media":22379,"template":"","meta":{"_et_pb_use_builder":"","_et_pb_old_content":"","_et_gb_content_width":""},"product_brand":[],"product_cat":[112],"product_tag":[],"class_list":{"0":"post-74494","1":"product","2":"type-product","3":"status-publish","4":"has-post-thumbnail","6":"product_cat-mirrors","8":"first","9":"instock","10":"purchasable","11":"product-type-simple"},"_links":{"self":[{"href":"https:\/\/www.abcpascal.fr\/en\/wp-json\/wp\/v2\/product\/74494","targetHints":{"allow":["GET"]}}],"collection":[{"href":"https:\/\/www.abcpascal.fr\/en\/wp-json\/wp\/v2\/product"}],"about":[{"href":"https:\/\/www.abcpascal.fr\/en\/wp-json\/wp\/v2\/types\/product"}],"wp:featuredmedia":[{"embeddable":true,"href":"https:\/\/www.abcpascal.fr\/en\/wp-json\/wp\/v2\/media\/22379"}],"wp:attachment":[{"href":"https:\/\/www.abcpascal.fr\/en\/wp-json\/wp\/v2\/media?parent=74494"}],"wp:term":[{"taxonomy":"product_brand","embeddable":true,"href":"https:\/\/www.abcpascal.fr\/en\/wp-json\/wp\/v2\/product_brand?post=74494"},{"taxonomy":"product_cat","embeddable":true,"href":"https:\/\/www.abcpascal.fr\/en\/wp-json\/wp\/v2\/product_cat?post=74494"},{"taxonomy":"product_tag","embeddable":true,"href":"https:\/\/www.abcpascal.fr\/en\/wp-json\/wp\/v2\/product_tag?post=74494"}],"curies":[{"name":"wp","href":"https:\/\/api.w.org\/{rel}","templated":true}]}}