{"id":74445,"date":"2004-01-01T00:00:00","date_gmt":"2003-12-31T23:00:00","guid":{"rendered":"https:\/\/www.abcpascal.fr\/product\/comedia-del-arte-eglomise-glass-panel\/"},"modified":"2020-06-30T12:01:59","modified_gmt":"2020-06-30T10:01:59","slug":"comedia-del-arte-eglomise-glass-panel","status":"publish","type":"product","link":"https:\/\/www.abcpascal.fr\/en\/produit\/comedia-del-arte-eglomise-glass-panel\/","title":{"rendered":"Comedia del Arte > \u00e9glomis\u00e9 glass panel"},"content":{"rendered":"<p>\u00c9glomis\u00e9 circa glass panel  circa1950 signed SEGERON frame gilded wood representation of Comedia del Arte ,good conditions<\/p>\n<p>Length : 182 cm<br \/> Height : 102 cm<br \/> Profondeur : 4 cm<\/p>\n","protected":false},"excerpt":{"rendered":"<p>\u00c9glomis\u00e9 circa glass panel circa1950 signed SEGERON frame gilded wood representation of Comedia del Arte ,good conditions Length : 182 cm Height : 102 cm Profondeur : 4 cm<\/p>\n","protected":false},"featured_media":21647,"template":"","meta":{"_et_pb_use_builder":"","_et_pb_old_content":"","_et_gb_content_width":""},"product_brand":[],"product_cat":[112],"product_tag":[],"class_list":{"0":"post-74445","1":"product","2":"type-product","3":"status-publish","4":"has-post-thumbnail","6":"product_cat-mirrors","8":"first","9":"outofstock","10":"purchasable","11":"product-type-simple"},"_links":{"self":[{"href":"https:\/\/www.abcpascal.fr\/en\/wp-json\/wp\/v2\/product\/74445","targetHints":{"allow":["GET"]}}],"collection":[{"href":"https:\/\/www.abcpascal.fr\/en\/wp-json\/wp\/v2\/product"}],"about":[{"href":"https:\/\/www.abcpascal.fr\/en\/wp-json\/wp\/v2\/types\/product"}],"wp:featuredmedia":[{"embeddable":true,"href":"https:\/\/www.abcpascal.fr\/en\/wp-json\/wp\/v2\/media\/21647"}],"wp:attachment":[{"href":"https:\/\/www.abcpascal.fr\/en\/wp-json\/wp\/v2\/media?parent=74445"}],"wp:term":[{"taxonomy":"product_brand","embeddable":true,"href":"https:\/\/www.abcpascal.fr\/en\/wp-json\/wp\/v2\/product_brand?post=74445"},{"taxonomy":"product_cat","embeddable":true,"href":"https:\/\/www.abcpascal.fr\/en\/wp-json\/wp\/v2\/product_cat?post=74445"},{"taxonomy":"product_tag","embeddable":true,"href":"https:\/\/www.abcpascal.fr\/en\/wp-json\/wp\/v2\/product_tag?post=74445"}],"curies":[{"name":"wp","href":"https:\/\/api.w.org\/{rel}","templated":true}]}}