{"id":74338,"date":"2004-01-01T00:00:00","date_gmt":"2003-12-31T23:00:00","guid":{"rendered":"https:\/\/www.abcpascal.fr\/product\/golden-iron-rolling-bar-maison-bagues-decoration-bamboo\/"},"modified":"2020-07-21T18:24:32","modified_gmt":"2020-07-21T16:24:32","slug":"golden-iron-rolling-bar-maison-bagues-decoration-bamboo","status":"publish","type":"product","link":"https:\/\/www.abcpascal.fr\/en\/produit\/golden-iron-rolling-bar-maison-bagues-decoration-bamboo\/","title":{"rendered":"Golden iron rolling bar Maison Bagu\u00e9s decoration bamboo"},"content":{"rendered":"<p>Rolling bar has 2 glass \u00e9tag\u00e9res and carries bottles, circa on 1970, condition of use<\/p>\n<p>Length : 64 cm<br \/> Width : 44 cm<br \/> Height : 80 cm<\/p>\n","protected":false},"excerpt":{"rendered":"<p>Rolling bar has 2 glass \u00e9tag\u00e9res and carries bottles, circa on 1970, condition of use Length : 64 cm Width : 44 cm Height : 80 cm<\/p>\n","protected":false},"featured_media":19833,"template":"","meta":{"_et_pb_use_builder":"","_et_pb_old_content":"","_et_gb_content_width":""},"product_brand":[],"product_cat":[136],"product_tag":[],"class_list":{"0":"post-74338","1":"product","2":"type-product","3":"status-publish","4":"has-post-thumbnail","6":"product_cat-rolling-bars","8":"first","9":"outofstock","10":"purchasable","11":"product-type-simple"},"_links":{"self":[{"href":"https:\/\/www.abcpascal.fr\/en\/wp-json\/wp\/v2\/product\/74338","targetHints":{"allow":["GET"]}}],"collection":[{"href":"https:\/\/www.abcpascal.fr\/en\/wp-json\/wp\/v2\/product"}],"about":[{"href":"https:\/\/www.abcpascal.fr\/en\/wp-json\/wp\/v2\/types\/product"}],"wp:featuredmedia":[{"embeddable":true,"href":"https:\/\/www.abcpascal.fr\/en\/wp-json\/wp\/v2\/media\/19833"}],"wp:attachment":[{"href":"https:\/\/www.abcpascal.fr\/en\/wp-json\/wp\/v2\/media?parent=74338"}],"wp:term":[{"taxonomy":"product_brand","embeddable":true,"href":"https:\/\/www.abcpascal.fr\/en\/wp-json\/wp\/v2\/product_brand?post=74338"},{"taxonomy":"product_cat","embeddable":true,"href":"https:\/\/www.abcpascal.fr\/en\/wp-json\/wp\/v2\/product_cat?post=74338"},{"taxonomy":"product_tag","embeddable":true,"href":"https:\/\/www.abcpascal.fr\/en\/wp-json\/wp\/v2\/product_tag?post=74338"}],"curies":[{"name":"wp","href":"https:\/\/api.w.org\/{rel}","templated":true}]}}