{"id":74326,"date":"2004-01-01T00:00:00","date_gmt":"2003-12-31T23:00:00","guid":{"rendered":"https:\/\/www.abcpascal.fr\/product\/pair-of-ends-of-sofas-sunbathes-silvered-style-maison-bagues\/"},"modified":"2020-06-30T12:01:08","modified_gmt":"2020-06-30T10:01:08","slug":"pair-of-ends-of-sofas-sunbathes-silvered-style-maison-bagues","status":"publish","type":"product","link":"https:\/\/www.abcpascal.fr\/en\/produit\/pair-of-ends-of-sofas-sunbathes-silvered-style-maison-bagues\/","title":{"rendered":"Pair of ends of sofas sunbathes silvered style maison Bagu\u00e9s"},"content":{"rendered":"<p>Pair of tables with pine cones at the top of amounts, 2 \u00e9tag\u00e9res glass smoked, good condition, circa 1950\/70<\/p>\n<p>Length : 49 cm<br \/> Width : 41 cm<br \/> Height : 58 cm<\/p>\n","protected":false},"excerpt":{"rendered":"<p>Pair of tables with pine cones at the top of amounts, 2 \u00e9tag\u00e9res glass smoked, good condition, circa 1950\/70 Length : 49 cm Width : 41 cm Height : 58 cm<\/p>\n","protected":false},"featured_media":19554,"template":"","meta":{"_et_pb_use_builder":"","_et_pb_old_content":"","_et_gb_content_width":""},"product_brand":[],"product_cat":[140],"product_tag":[],"class_list":{"0":"post-74326","1":"product","2":"type-product","3":"status-publish","4":"has-post-thumbnail","6":"product_cat-end-tables","8":"first","9":"outofstock","10":"purchasable","11":"product-type-simple"},"_links":{"self":[{"href":"https:\/\/www.abcpascal.fr\/en\/wp-json\/wp\/v2\/product\/74326","targetHints":{"allow":["GET"]}}],"collection":[{"href":"https:\/\/www.abcpascal.fr\/en\/wp-json\/wp\/v2\/product"}],"about":[{"href":"https:\/\/www.abcpascal.fr\/en\/wp-json\/wp\/v2\/types\/product"}],"wp:featuredmedia":[{"embeddable":true,"href":"https:\/\/www.abcpascal.fr\/en\/wp-json\/wp\/v2\/media\/19554"}],"wp:attachment":[{"href":"https:\/\/www.abcpascal.fr\/en\/wp-json\/wp\/v2\/media?parent=74326"}],"wp:term":[{"taxonomy":"product_brand","embeddable":true,"href":"https:\/\/www.abcpascal.fr\/en\/wp-json\/wp\/v2\/product_brand?post=74326"},{"taxonomy":"product_cat","embeddable":true,"href":"https:\/\/www.abcpascal.fr\/en\/wp-json\/wp\/v2\/product_cat?post=74326"},{"taxonomy":"product_tag","embeddable":true,"href":"https:\/\/www.abcpascal.fr\/en\/wp-json\/wp\/v2\/product_tag?post=74326"}],"curies":[{"name":"wp","href":"https:\/\/api.w.org\/{rel}","templated":true}]}}