{"id":74318,"date":"2014-06-09T22:28:18","date_gmt":"2014-06-09T20:28:18","guid":{"rendered":"https:\/\/www.abcpascal.fr\/product\/style-directoire-board-circa-on-1970-bibliotheque-lucite\/"},"modified":"2020-06-30T12:01:04","modified_gmt":"2020-06-30T10:01:04","slug":"style-directoire-board-circa-on-1970-bibliotheque-lucite","status":"publish","type":"product","link":"https:\/\/www.abcpascal.fr\/en\/produit\/style-directoire-board-circa-on-1970-bibliotheque-lucite\/","title":{"rendered":"Style Directoire board circa on 1970 Biblioth\u00e9que lucite"},"content":{"rendered":"<p>Shelf bookcase in altu with 3 glass \u00e9tag\u00e9res decorated profile beak with corbin as the structure, the rings gilded on amounts, removable front wall<\/p>\n<p>Width : 94 cm<br \/> Height : 205 cm<br \/> Profondeur : 39 cm<\/p>\n","protected":false},"excerpt":{"rendered":"<p>Shelf bookcase in altu with 3 glass \u00e9tag\u00e9res decorated profile beak with corbin as the structure, the rings gilded on amounts, removable front wall Width : 94 cm Height : 205 cm Profondeur : 39 cm<\/p>\n","protected":false},"featured_media":19380,"template":"","meta":{"_et_pb_use_builder":"","_et_pb_old_content":"","_et_gb_content_width":""},"product_brand":[],"product_cat":[109],"product_tag":[],"class_list":{"0":"post-74318","1":"product","2":"type-product","3":"status-publish","4":"has-post-thumbnail","6":"product_cat-other-furniture","8":"first","9":"outofstock","10":"purchasable","11":"product-type-simple"},"_links":{"self":[{"href":"https:\/\/www.abcpascal.fr\/en\/wp-json\/wp\/v2\/product\/74318","targetHints":{"allow":["GET"]}}],"collection":[{"href":"https:\/\/www.abcpascal.fr\/en\/wp-json\/wp\/v2\/product"}],"about":[{"href":"https:\/\/www.abcpascal.fr\/en\/wp-json\/wp\/v2\/types\/product"}],"wp:featuredmedia":[{"embeddable":true,"href":"https:\/\/www.abcpascal.fr\/en\/wp-json\/wp\/v2\/media\/19380"}],"wp:attachment":[{"href":"https:\/\/www.abcpascal.fr\/en\/wp-json\/wp\/v2\/media?parent=74318"}],"wp:term":[{"taxonomy":"product_brand","embeddable":true,"href":"https:\/\/www.abcpascal.fr\/en\/wp-json\/wp\/v2\/product_brand?post=74318"},{"taxonomy":"product_cat","embeddable":true,"href":"https:\/\/www.abcpascal.fr\/en\/wp-json\/wp\/v2\/product_cat?post=74318"},{"taxonomy":"product_tag","embeddable":true,"href":"https:\/\/www.abcpascal.fr\/en\/wp-json\/wp\/v2\/product_tag?post=74318"}],"curies":[{"name":"wp","href":"https:\/\/api.w.org\/{rel}","templated":true}]}}