{"id":74299,"date":"2014-08-14T09:19:51","date_gmt":"2014-08-14T07:19:51","guid":{"rendered":"https:\/\/www.abcpascal.fr\/product\/mirror-with-guilted-frame-of-empire-style-in-the-eglomised-attributes\/"},"modified":"2020-06-30T12:00:56","modified_gmt":"2020-06-30T10:00:56","slug":"mirror-with-guilted-frame-of-empire-style-in-the-eglomised-attributes","status":"publish","type":"product","link":"https:\/\/www.abcpascal.fr\/en\/produit\/mirror-with-guilted-frame-of-empire-style-in-the-eglomised-attributes\/","title":{"rendered":"Mirror with guilted frame of Empire style in the \u00e9glomised attributes"},"content":{"rendered":"<p>\u00c9glomis\u00e9d mirror with golden wood frame and reserves with attributes of  empire, circa  1950, good condition<\/p>\n<p>Width : 95 cm<br \/> Height : 134 cm<br \/> Profondeur : 5 cm<\/p>\n","protected":false},"excerpt":{"rendered":"<p>\u00c9glomis\u00e9d mirror with golden wood frame and reserves with attributes of empire, circa 1950, good condition Width : 95 cm Height : 134 cm Profondeur : 5 cm<\/p>\n","protected":false},"featured_media":18808,"template":"","meta":{"_et_pb_use_builder":"","_et_pb_old_content":"","_et_gb_content_width":""},"product_brand":[],"product_cat":[112],"product_tag":[],"class_list":{"0":"post-74299","1":"product","2":"type-product","3":"status-publish","4":"has-post-thumbnail","6":"product_cat-mirrors","8":"first","9":"outofstock","10":"purchasable","11":"product-type-simple"},"_links":{"self":[{"href":"https:\/\/www.abcpascal.fr\/en\/wp-json\/wp\/v2\/product\/74299","targetHints":{"allow":["GET"]}}],"collection":[{"href":"https:\/\/www.abcpascal.fr\/en\/wp-json\/wp\/v2\/product"}],"about":[{"href":"https:\/\/www.abcpascal.fr\/en\/wp-json\/wp\/v2\/types\/product"}],"wp:featuredmedia":[{"embeddable":true,"href":"https:\/\/www.abcpascal.fr\/en\/wp-json\/wp\/v2\/media\/18808"}],"wp:attachment":[{"href":"https:\/\/www.abcpascal.fr\/en\/wp-json\/wp\/v2\/media?parent=74299"}],"wp:term":[{"taxonomy":"product_brand","embeddable":true,"href":"https:\/\/www.abcpascal.fr\/en\/wp-json\/wp\/v2\/product_brand?post=74299"},{"taxonomy":"product_cat","embeddable":true,"href":"https:\/\/www.abcpascal.fr\/en\/wp-json\/wp\/v2\/product_cat?post=74299"},{"taxonomy":"product_tag","embeddable":true,"href":"https:\/\/www.abcpascal.fr\/en\/wp-json\/wp\/v2\/product_tag?post=74299"}],"curies":[{"name":"wp","href":"https:\/\/api.w.org\/{rel}","templated":true}]}}