{"id":74177,"date":"2015-05-27T23:55:30","date_gmt":"2015-05-27T21:55:30","guid":{"rendered":"https:\/\/www.abcpascal.fr\/product\/195070-hexagonal-pedestal-table-model-bamboo-maison-bagues-3-levels-smoked-glasss\/"},"modified":"2020-06-30T12:00:04","modified_gmt":"2020-06-30T10:00:04","slug":"195070-hexagonal-pedestal-table-model-bamboo-maison-bagues-3-levels-smoked-glasss","status":"publish","type":"product","link":"https:\/\/www.abcpascal.fr\/en\/produit\/195070-hexagonal-pedestal-table-model-bamboo-maison-bagues-3-levels-smoked-glasss\/","title":{"rendered":"1950,70&#039; Hexagonal pedestal table model  Bamboo Maison Bagu\u00e9s 3 levels smoked glasss"},"content":{"rendered":"<p>Pedestal table or table of golden bronze center mod\u00e9le bamboo Maison Bagu\u00e9s has 3 levels with smoked windows, everything is screwed, good condition, circa 1950\/70<\/p>\n<p>Length : 63 cm<br \/> Width : 54 cm<br \/> Height : 59 cm<\/p>\n","protected":false},"excerpt":{"rendered":"<p>Pedestal table or table of golden bronze center mod\u00e9le bamboo Maison Bagu\u00e9s has 3 levels with smoked windows, everything is screwed, good condition, circa 1950\/70 Length : 63 cm Width : 54 cm Height : 59 cm<\/p>\n","protected":false},"featured_media":15913,"template":"","meta":{"_et_pb_use_builder":"","_et_pb_old_content":"","_et_gb_content_width":""},"product_brand":[],"product_cat":[118],"product_tag":[],"class_list":{"0":"post-74177","1":"product","2":"type-product","3":"status-publish","4":"has-post-thumbnail","6":"product_cat-tables-en","8":"first","9":"outofstock","10":"purchasable","11":"product-type-simple"},"_links":{"self":[{"href":"https:\/\/www.abcpascal.fr\/en\/wp-json\/wp\/v2\/product\/74177","targetHints":{"allow":["GET"]}}],"collection":[{"href":"https:\/\/www.abcpascal.fr\/en\/wp-json\/wp\/v2\/product"}],"about":[{"href":"https:\/\/www.abcpascal.fr\/en\/wp-json\/wp\/v2\/types\/product"}],"wp:featuredmedia":[{"embeddable":true,"href":"https:\/\/www.abcpascal.fr\/en\/wp-json\/wp\/v2\/media\/15913"}],"wp:attachment":[{"href":"https:\/\/www.abcpascal.fr\/en\/wp-json\/wp\/v2\/media?parent=74177"}],"wp:term":[{"taxonomy":"product_brand","embeddable":true,"href":"https:\/\/www.abcpascal.fr\/en\/wp-json\/wp\/v2\/product_brand?post=74177"},{"taxonomy":"product_cat","embeddable":true,"href":"https:\/\/www.abcpascal.fr\/en\/wp-json\/wp\/v2\/product_cat?post=74177"},{"taxonomy":"product_tag","embeddable":true,"href":"https:\/\/www.abcpascal.fr\/en\/wp-json\/wp\/v2\/product_tag?post=74177"}],"curies":[{"name":"wp","href":"https:\/\/api.w.org\/{rel}","templated":true}]}}