{"id":73888,"date":"2004-01-01T00:00:00","date_gmt":"2003-12-31T23:00:00","guid":{"rendered":"https:\/\/www.abcpascal.fr\/product\/1970-pair-of-shelves-has-3-levels-maison-bagues-in-bronze-and-bakelite-amber-colour\/"},"modified":"2020-06-30T11:58:13","modified_gmt":"2020-06-30T09:58:13","slug":"1970-pair-of-shelves-has-3-levels-maison-bagues-in-bronze-and-bakelite-amber-colour","status":"publish","type":"product","link":"https:\/\/www.abcpascal.fr\/en\/produit\/1970-pair-of-shelves-has-3-levels-maison-bagues-in-bronze-and-bakelite-amber-colour\/","title":{"rendered":"1970&#039; Pair of shelves has 3 levels  Maison Bagu\u00e9s in bronze and Bak\u00e9lite Amber Colour"},"content":{"rendered":"<p>shelve with 3 levels with bak\u00e9lite amber colour, amount bronze and brass,and pine cones, circa 1970, good condition, everything is screw<\/p>\n<p>Length : 40 cm<br \/> Width : 32 cm<br \/> Height : 88 cm<\/p>\n","protected":false},"excerpt":{"rendered":"<p>shelve with 3 levels with bak\u00e9lite amber colour, amount bronze and brass,and pine cones, circa 1970, good condition, everything is screw Length : 40 cm Width : 32 cm Height : 88 cm<\/p>\n","protected":false},"featured_media":7153,"template":"","meta":{"_et_pb_use_builder":"","_et_pb_old_content":"","_et_gb_content_width":""},"product_brand":[],"product_cat":[140],"product_tag":[],"class_list":{"0":"post-73888","1":"product","2":"type-product","3":"status-publish","4":"has-post-thumbnail","6":"product_cat-end-tables","8":"first","9":"outofstock","10":"purchasable","11":"product-type-simple"},"_links":{"self":[{"href":"https:\/\/www.abcpascal.fr\/en\/wp-json\/wp\/v2\/product\/73888","targetHints":{"allow":["GET"]}}],"collection":[{"href":"https:\/\/www.abcpascal.fr\/en\/wp-json\/wp\/v2\/product"}],"about":[{"href":"https:\/\/www.abcpascal.fr\/en\/wp-json\/wp\/v2\/types\/product"}],"wp:featuredmedia":[{"embeddable":true,"href":"https:\/\/www.abcpascal.fr\/en\/wp-json\/wp\/v2\/media\/7153"}],"wp:attachment":[{"href":"https:\/\/www.abcpascal.fr\/en\/wp-json\/wp\/v2\/media?parent=73888"}],"wp:term":[{"taxonomy":"product_brand","embeddable":true,"href":"https:\/\/www.abcpascal.fr\/en\/wp-json\/wp\/v2\/product_brand?post=73888"},{"taxonomy":"product_cat","embeddable":true,"href":"https:\/\/www.abcpascal.fr\/en\/wp-json\/wp\/v2\/product_cat?post=73888"},{"taxonomy":"product_tag","embeddable":true,"href":"https:\/\/www.abcpascal.fr\/en\/wp-json\/wp\/v2\/product_tag?post=73888"}],"curies":[{"name":"wp","href":"https:\/\/api.w.org\/{rel}","templated":true}]}}