{"id":73671,"date":"2004-01-01T00:00:00","date_gmt":"2003-12-31T23:00:00","guid":{"rendered":"https:\/\/www.abcpascal.fr\/product\/1970-chandelier-airship-mongolfiere-paint-metal\/"},"modified":"2020-06-30T11:56:44","modified_gmt":"2020-06-30T09:56:44","slug":"1970-chandelier-airship-mongolfiere-paint-metal","status":"publish","type":"product","link":"https:\/\/www.abcpascal.fr\/en\/produit\/1970-chandelier-airship-mongolfiere-paint-metal\/","title":{"rendered":"1970&#039; Chandelier Airship Mongolfi\u00e9re Paint M\u00e9tal"},"content":{"rendered":"<p>Chandelier painted metal montgolfiere, 4 bulbs, memory of French R\u00e9volution, good condition<br \/>\nHeight without chain : 47 cm<\/p>\n<p>Height : 85 cm<br \/> Depth : 28 cm<\/p>\n","protected":false},"excerpt":{"rendered":"<p>Chandelier painted metal montgolfiere, 4 bulbs, memory of French R\u00e9volution, good condition Height without chain : 47 cm Height : 85 cm Depth : 28 cm<\/p>\n","protected":false},"featured_media":3404,"template":"","meta":{"_et_pb_use_builder":"","_et_pb_old_content":"","_et_gb_content_width":""},"product_brand":[],"product_cat":[114],"product_tag":[],"class_list":{"0":"post-73671","1":"product","2":"type-product","3":"status-publish","4":"has-post-thumbnail","6":"product_cat-chandeliers","8":"first","9":"outofstock","10":"purchasable","11":"product-type-simple"},"_links":{"self":[{"href":"https:\/\/www.abcpascal.fr\/en\/wp-json\/wp\/v2\/product\/73671","targetHints":{"allow":["GET"]}}],"collection":[{"href":"https:\/\/www.abcpascal.fr\/en\/wp-json\/wp\/v2\/product"}],"about":[{"href":"https:\/\/www.abcpascal.fr\/en\/wp-json\/wp\/v2\/types\/product"}],"wp:featuredmedia":[{"embeddable":true,"href":"https:\/\/www.abcpascal.fr\/en\/wp-json\/wp\/v2\/media\/3404"}],"wp:attachment":[{"href":"https:\/\/www.abcpascal.fr\/en\/wp-json\/wp\/v2\/media?parent=73671"}],"wp:term":[{"taxonomy":"product_brand","embeddable":true,"href":"https:\/\/www.abcpascal.fr\/en\/wp-json\/wp\/v2\/product_brand?post=73671"},{"taxonomy":"product_cat","embeddable":true,"href":"https:\/\/www.abcpascal.fr\/en\/wp-json\/wp\/v2\/product_cat?post=73671"},{"taxonomy":"product_tag","embeddable":true,"href":"https:\/\/www.abcpascal.fr\/en\/wp-json\/wp\/v2\/product_tag?post=73671"}],"curies":[{"name":"wp","href":"https:\/\/api.w.org\/{rel}","templated":true}]}}