{"id":100767,"date":"2025-11-19T20:16:12","date_gmt":"2025-11-19T19:16:12","guid":{"rendered":"https:\/\/www.abcpascal.fr\/produit\/1950s-travel-tripod-side-table-silvered-bronze-maison-jansen-or-bagues-o-26-cm-h-55-cm\/"},"modified":"2025-11-19T20:28:28","modified_gmt":"2025-11-19T19:28:28","slug":"1950s-travel-tripod-side-table-silvered-bronze-maison-jansen-or-bagues-o-26-cm-h-55-cm","status":"publish","type":"product","link":"https:\/\/www.abcpascal.fr\/en\/produit\/1950s-travel-tripod-side-table-silvered-bronze-maison-jansen-or-bagues-o-26-cm-h-55-cm\/","title":{"rendered":"1950s Travel Tripod Side Table, Silvered Bronze, Maison Jansen or Bagu\u00e9s, \u00f8 26 cm, H 55 cm"},"content":{"rendered":"<p>Silvered bronze tripod travel table by Maison Jansen or Bagu\u00e9s<br \/>\nThe uprights are joined in the middle by a ring<br \/>\nThe ends terminate in a ball.<br \/>\nDiameter: 26 cm<br \/>\nHeight: 55 cm<br \/>\nFolding<br \/>\nUsed condition<\/p>\n","protected":false},"excerpt":{"rendered":"<p>1950s Travel Tripod Side Table, Silvered Bronze, Maison Jansen or Bagu\u00e9s, \u00f8 26 cm, H 55 cm<\/p>\n","protected":false},"featured_media":100738,"template":"","meta":{"_et_pb_use_builder":"","_et_pb_old_content":"","_et_gb_content_width":""},"product_brand":[],"product_cat":[123,118],"product_tag":[],"class_list":{"0":"post-100767","1":"product","2":"type-product","3":"status-publish","4":"has-post-thumbnail","6":"product_cat-furniture","7":"product_cat-tables-en","9":"first","10":"instock","11":"shipping-taxable","12":"purchasable","13":"product-type-simple"},"_links":{"self":[{"href":"https:\/\/www.abcpascal.fr\/en\/wp-json\/wp\/v2\/product\/100767","targetHints":{"allow":["GET"]}}],"collection":[{"href":"https:\/\/www.abcpascal.fr\/en\/wp-json\/wp\/v2\/product"}],"about":[{"href":"https:\/\/www.abcpascal.fr\/en\/wp-json\/wp\/v2\/types\/product"}],"wp:featuredmedia":[{"embeddable":true,"href":"https:\/\/www.abcpascal.fr\/en\/wp-json\/wp\/v2\/media\/100738"}],"wp:attachment":[{"href":"https:\/\/www.abcpascal.fr\/en\/wp-json\/wp\/v2\/media?parent=100767"}],"wp:term":[{"taxonomy":"product_brand","embeddable":true,"href":"https:\/\/www.abcpascal.fr\/en\/wp-json\/wp\/v2\/product_brand?post=100767"},{"taxonomy":"product_cat","embeddable":true,"href":"https:\/\/www.abcpascal.fr\/en\/wp-json\/wp\/v2\/product_cat?post=100767"},{"taxonomy":"product_tag","embeddable":true,"href":"https:\/\/www.abcpascal.fr\/en\/wp-json\/wp\/v2\/product_tag?post=100767"}],"curies":[{"name":"wp","href":"https:\/\/api.w.org\/{rel}","templated":true}]}}